{"id":18187,"date":"2019-05-27T15:57:59","date_gmt":"2019-05-27T13:57:59","guid":{"rendered":"https:\/\/www.techra-drumsticks.com\/terms-and-conditions\/"},"modified":"2025-07-08T11:54:33","modified_gmt":"2025-07-08T09:54:33","slug":"terms-and-conditions","status":"publish","type":"page","link":"https:\/\/www.techra-drumsticks.com\/en\/terms-and-conditions\/","title":{"rendered":"Terms and conditions"},"content":{"rendered":"\t\t<div data-elementor-type=\"wp-post\" data-elementor-id=\"18187\" class=\"elementor elementor-18187 elementor-9192\" data-elementor-post-type=\"page\">\n\t\t\t\t<div class=\"elementor-element elementor-element-f8a5b3c e-flex e-con-boxed e-con e-parent\" data-id=\"f8a5b3c\" data-element_type=\"container\">\n\t\t\t\t\t<div class=\"e-con-inner\">\n\t\t<div class=\"elementor-element elementor-element-df0b724 e-con-full e-flex e-con e-child\" data-id=\"df0b724\" data-element_type=\"container\">\n\t\t\t\t<div class=\"elementor-element elementor-element-71e7aaa elementor-widget elementor-widget-heading\" data-id=\"71e7aaa\" data-element_type=\"widget\" data-widget_type=\"heading.default\">\n\t\t\t\t<div class=\"elementor-widget-container\">\n\t\t\t\t\t<h1 class=\"elementor-heading-title elementor-size-default\">Termini e condizioni<\/h1>\t\t\t\t<\/div>\n\t\t\t\t<\/div>\n\t\t\t\t<div class=\"elementor-element elementor-element-26f8771 elementor-widget elementor-widget-text-editor\" data-id=\"26f8771\" data-element_type=\"widget\" data-widget_type=\"text-editor.default\">\n\t\t\t\t<div class=\"elementor-widget-container\">\n\t\t\t\t\t\t\t\t\t<p><strong>Benvenuto in Techra di Tecnoplast Srl<\/strong><\/p><p>Questi termini e condizioni delineano le regole e i regolamenti per l&#8217;uso del sito web di Techra di Tecnoplast Srl.<\/p><p><strong>Techra di Tecnoplast Srl si trova presso:<\/strong><\/p><p>Via San G.B. La Salle, 10 Romano d\u2019Ezzelino 36060 \u2013 Italia<\/p><p>Accedendo a questo sito web, supponiamo che tu accetti pienamente questi termini e condizioni.<\/p><p>Non continuare a utilizzare il sito web di Techra di Tecnoplast Srl se non accetti tutti i termini e le condizioni indicati in questa pagina.<\/p><p>La seguente terminologia si applica a questi Termini e Condizioni, Dichiarazione sulla Privacy e Avviso di Esclusione di Responsabilit\u00e0 e a qualsiasi accordo: \u201cCliente\u201d, \u201cTu\u201d e \u201cTuo\u201d si riferiscono a te, la persona che accede a questo sito web e accetta i termini e le condizioni della Societ\u00e0. \u201cLa Societ\u00e0\u201d, \u201cNoi\u201d, \u201cNostro\u201d e \u201cCi\u201d si riferiscono alla nostra Societ\u00e0. \u201cParte\u201d, \u201cParti\u201d o \u201cNoi\u201d si riferiscono sia al Cliente che a noi stessi, o a uno dei due. Tutti i termini si riferiscono all&#8217;offerta, accettazione e considerazione del pagamento necessari per intraprendere il processo di assistenza al Cliente nel modo pi\u00f9 appropriato, sia tramite incontri formali di durata fissa, sia con altri mezzi, con l&#8217;espresso scopo di soddisfare le esigenze del Cliente riguardo alla fornitura dei servizi\/prodotti dichiarati dalla Societ\u00e0, in conformit\u00e0 e soggetti alla legge vigente in Italia. Qualsiasi uso della terminologia sopra riportata o di altre parole al singolare, plurale, capitalizzazione e\/o lui\/lei o loro, \u00e8 considerato intercambiabile e quindi riferito allo stesso.<\/p><p><strong>Cookie<\/strong><\/p><p>Utilizziamo i cookie. Utilizzando il sito web di Techra di Tecnoplast Srl, acconsenti all&#8217;uso dei cookie in conformit\u00e0 con la politica sulla privacy di Techra di Tecnoplast Srl. La maggior parte dei siti web interattivi moderni utilizza i cookie per consentirci di recuperare i dettagli degli utenti per ogni visita. I cookie sono utilizzati in alcune aree del nostro sito per abilitare la funzionalit\u00e0 di quest&#8217;area e facilitare l&#8217;uso per coloro che visitano. Anche alcuni dei nostri partner pubblicitari\/affiliati possono utilizzare i cookie.<\/p><p><strong>Licenza<\/strong><\/p><p>Salvo diversa indicazione, Techra di Tecnoplast Srl e\/o i suoi licenziatari possiedono i diritti di propriet\u00e0 intellettuale per tutto il materiale presente su Techra di Tecnoplast Srl. Tutti i diritti di propriet\u00e0 intellettuale sono riservati. Puoi visualizzare e\/o stampare pagine da https:\/\/www.techra-drumsticks.com\/ per uso personale, con le restrizioni stabilite in questi termini e condizioni.<\/p><p>Non devi:<\/p><p>\u2022 Ripubblicare materiale da https:\/\/www.techra-drumsticks.com\/<br \/>\u2022 Vendere, affittare o sublicenziare materiale da https:\/\/www.techra-drumsticks.com\/<br \/>\u2022 Riprodurre, duplicare o copiare materiale da https:\/\/www.techra-drumsticks.com\/<br \/>\u2022 Ridistribuire contenuti da Techra di Tecnoplast Srl (a meno che il contenuto non sia specificamente destinato alla ridistribuzione).<\/p><p><strong>Commenti degli Utenti<\/strong><\/p><p>Questo Accordo avr\u00e0 inizio dalla data presente.<\/p><p>Alcune parti di questo sito web offrono l&#8217;opportunit\u00e0 agli utenti di pubblicare ed scambiare opinioni, informazioni, materiali e dati (\u201cCommenti\u201d) in aree del sito web. Techra di Tecnoplast Srl non esamina, modifica, pubblica o rivede i Commenti prima della loro apparizione sul sito web e i Commenti non riflettono le opinioni o i punti di vista di Techra di Tecnoplast Srl, dei suoi agenti o affiliati. I Commenti riflettono il punto di vista e l&#8217;opinione della persona che pubblica tale punto di vista o opinione. Nella misura consentita dalle leggi applicabili, Techra di Tecnoplast Srl non sar\u00e0 responsabile o responsabile per i Commenti o per qualsiasi perdita, costo, responsabilit\u00e0, danno o spesa causati e\/o subiti a seguito di qualsiasi uso e\/o pubblicazione e\/o apparizione dei Commenti su questo sito web.<\/p><p>Techra di Tecnoplast Srl si riserva il diritto di monitorare tutti i Commenti e di rimuovere qualsiasi Commento che, a sua esclusiva discrezione, consideri inappropriato, offensivo o altrimenti in violazione di questi Termini e Condizioni.<\/p><p><strong>Tu garantisci e dichiari che:<\/strong><br \/>\u2022 Sei autorizzato a pubblicare i Commenti sul nostro sito web e hai tutte le licenze e i consensi necessari per farlo;<br \/>\u2022 I Commenti non violano alcun diritto di propriet\u00e0 intellettuale, compresi, senza limitazioni, diritti d&#8217;autore, brevetti o marchi, o altri diritti di propriet\u00e0 di terzi;<br \/>\u2022 I Commenti non contengono materiale diffamatorio, calunnioso, offensivo, indecente o altrimenti illecito o materiale che costituisca una violazione della privacy;<br \/>\u2022 I Commenti non saranno utilizzati per sollecitare o promuovere affari o clienti o presentare attivit\u00e0 commerciali o attivit\u00e0 illecite.<\/p><p>Con la presente concedi a Techra di Tecnoplast Srl una licenza non esclusiva e gratuita per utilizzare, riprodurre, modificare e autorizzare altri a utilizzare, riprodurre e modificare qualsiasi tuo Commento in qualsiasi forma, formato o media.<\/p><p><strong>Collegamenti ai Nostri Contenuti<\/strong><\/p><p>Le seguenti organizzazioni possono collegarsi al nostro sito web senza previa approvazione scritta:<\/p><p>\u2022 Agenzie governative;<br \/>\u2022 Motori di ricerca;<br \/>\u2022 Organizzazioni di notizie;<br \/>\u2022 Distributori di directory online quando ci elencano nella directory possono collegarsi al nostro sito web nello stesso modo in cui collegano ai siti web di altre aziende elencate; e Aziende accreditate a livello di sistema, tranne organizzazioni non profit che sollecitano, centri commerciali di beneficenza e gruppi di raccolta fondi di beneficenza che non possono collegarsi al nostro sito web.<\/p><p>Queste organizzazioni possono collegarsi alla nostra homepage, a pubblicazioni o ad altre informazioni del sito web, purch\u00e9 il link: (a) non sia in alcun modo fuorviante; (b) non implichi falsamente sponsorizzazione, approvazione o approvazione della parte che collega e dei suoi prodotti o servizi; e (c) si inserisca nel contesto del sito della parte che collega.<\/p><p>Possiamo considerare e approvare a nostra esclusiva discrezione altre richieste di collegamento da parte delle seguenti organizzazioni:<\/p><p>\u2022 fonti di informazioni per consumatori e\/o aziende di comune conoscenza come Camere di Commercio, American Automobile Association, AARP e Consumers Union; siti della comunit\u00e0 dot.com; associazioni o altri gruppi che rappresentano enti di beneficenza, inclusi siti di donazione a enti di beneficenza, distributori di directory online; portali internet; studi di contabilit\u00e0, legali e consulenza i cui principali clienti sono aziende; e istituzioni educative e associazioni di categoria.<\/p><p>Approvaremo le richieste di collegamento da parte di queste organizzazioni se determiniamo che: (a) il link non rifletterebbe negativamente su di noi o sulle nostre aziende accreditate (ad esempio, associazioni commerciali o altre organizzazioni che rappresentano tipi di attivit\u00e0 intrinsecamente sospetti, come opportunit\u00e0 di lavoro da casa, non saranno autorizzate a collegarsi); (b) l&#8217;organizzazione non ha un record insoddisfacente con noi; (c) il beneficio per noi derivante dalla visibilit\u00e0 associata al collegamento supera l&#8217;assenza di tale collegamento; e (d) dove il collegamento \u00e8 nel contesto di informazioni generali sulle risorse o \u00e8 altrimenti coerente con il contenuto editoriale in una newsletter o prodotto simile che sostiene la missione dell&#8217;organizzazione.<\/p><p>Queste organizzazioni possono collegarsi alla nostra homepage, a pubblicazioni o ad altre informazioni del sito web purch\u00e9 il link: (a) non sia in alcun modo fuorviante; (b) non implichi falsamente sponsorizzazione, approvazione o approvazione della parte che collega e dei suoi prodotti o servizi; e (c) si inserisca nel contesto del sito della parte che collega.<\/p><p>Se sei tra le organizzazioni elencate nel paragrafo 2 sopra e sei interessato a collegarti al nostro sito web, devi informarci inviando un&#8217;e-mail a info@techra.it.Si prega di includere il tuo nome, il nome della tua organizzazione, informazioni di contatto (come numero di telefono e\/o indirizzo e-mail) cos\u00ec come l&#8217;URL del tuo sito, un elenco di eventuali URL da cui intendi collegarti al nostro sito web e un elenco degli URL sul nostro sito a cui desideri collegarti. Attendere 2-3 settimane per una risposta.<\/p><p><strong>Le organizzazioni approvate possono collegarsi al nostro sito web nei seguenti modi:<\/strong><br \/>\u2022 Utilizzando il nostro nome aziendale; o<br \/>\u2022 Utilizzando l&#8217;URL (indirizzo web) a cui ci si collega; o<br \/>\u2022 Utilizzando qualsiasi altra descrizione del nostro sito web o del materiale a cui ci si collega che abbia senso nel contesto e nel formato del contenuto sul sito della parte che collega.<\/p><p>Non sar\u00e0 consentito l&#8217;uso del logo di Techra di Tecnoplast Srl o di altro materiale grafico per i collegamenti senza un accordo di licenza per marchi.<\/p><p><strong>Iframes<\/strong><\/p><p>Senza previa approvazione e permesso scritto esplicito, non puoi creare cornici attorno alle nostre pagine web o utilizzare altre tecniche che alterino in alcun modo la presentazione visiva o l&#8217;aspetto del nostro sito web.<\/p><p><strong>Riserva di Diritti<\/strong><\/p><p>Ci riserviamo il diritto in qualsiasi momento e a nostra esclusiva discrezione di richiedere che tu rimuova tutti i collegamenti o un particolare collegamento al nostro sito web. Accetti di rimuovere immediatamente tutti i collegamenti al nostro sito web su tale richiesta. Ci riserviamo inoltre il diritto di modificare questi termini e condizioni e la nostra politica sui collegamenti in qualsiasi momento. Continuando a collegarti al nostro sito web, accetti di essere vincolato e di rispettare questi termini e condizioni di collegamento.<\/p><p><strong>Rimozione di collegamenti dal nostro sito web<\/strong><\/p><p>Se trovi un collegamento sul nostro sito web o su un sito web collegato che ritieni obiettivamente inaccettabile per qualsiasi motivo, puoi contattarci al riguardo. Valuteremo le richieste di rimozione di collegamenti ma non avremo alcun obbligo di farlo o di rispondere direttamente a te .Sebbene ci impegniamo a garantire che le informazioni su questo sito web siano corrette, non garantiamo la loro completezza o accuratezza; n\u00e9 ci impegniamo a garantire che il sito web rimanga disponibile o che il materiale sul sito web venga mantenuto aggiornato.<\/p><p><strong>Responsabilit\u00e0 dei Contenuti<\/strong><\/p><p>Non avremo alcuna responsabilit\u00e0 o responsabilit\u00e0 per qualsiasi contenuto che appare sul tuo sito web. Accetti di indennizzarci e difenderci contro tutte le rivendicazioni derivanti da o basate sul tuo sito web. Nessun collegamento pu\u00f2 apparire su alcuna pagina del tuo sito web o all&#8217;interno di qualsiasi contesto contenente contenuti o materiali che possano essere interpretati come diffamatori, osceni o criminali, o che violino, altrimenti violino o sostengano la violazione o altra violazione di diritti di terzi.<\/p><p><strong>Esclusione di Responsabilit\u00e0<\/strong><\/p><p>Nella misura massima consentita dalla legge applicabile, escludiamo tutte le dichiarazioni, garanzie e condizioni relative al nostro sito web e all&#8217;uso di questo sito web (inclusi, senza limitazioni, eventuali garanzie implicite per legge in relazione a qualit\u00e0 soddisfacente, idoneit\u00e0 per lo scopo e\/o uso di ragionevole diligenza e competenza). Nulla in questa esclusione di responsabilit\u00e0:<\/p><p>\u2022 limita o esclude la nostra o la tua responsabilit\u00e0 per morte o lesioni personali derivanti da negligenza;<br \/>\u2022 limita o esclude la nostra o la tua responsabilit\u00e0 per frode o dichiarazione fraudolenta;<br \/>\u2022 limita una delle nostre o tue responsabilit\u00e0 in qualsiasi modo non consentito dalla legge applicabile; o<br \/>\u2022 esclude una delle nostre o tue responsabilit\u00e0 che non possono essere escluse dalla legge applicabile.<\/p><p>Le limitazioni e le esclusioni di responsabilit\u00e0 stabilite in questa Sezione e altrove in questa esclusione di responsabilit\u00e0: (a) sono soggette al paragrafo precedente; e (b) disciplinano tutte le responsabilit\u00e0 derivanti dall&#8217;esclusione di responsabilit\u00e0 o in relazione all&#8217;oggetto di questa esclusione di responsabilit\u00e0, comprese le responsabilit\u00e0 derivanti da contratto, in torto (inclusa la negligenza) e per violazione di obbligo di legge. Nella misura in cui il sito web e le informazioni e i servizi sul sito web sono forniti gratuitamente, non saremo responsabili per alcuna perdita o danno di qualsiasi natura.<\/p><p><strong>Informazioni di Contatto e Credito<\/strong><\/p><p>Questa pagina di Termini e Condizioni \u00e8 stata creata utilizzando il generatore di termsandconditionstemplate.com. Se hai domande riguardo a uno dei nostri termini, ti preghiamo di contattarci.<\/p><p><strong>Dazi Doganali e Responsabilit\u00e0 del Cliente<\/strong><\/p><p>In alcuni paesi, possono applicarsi dazi e tasse di importazione, che rimangono unicamente responsabilit\u00e0 del cliente e non di Techra Drumsticks. In caso di mancato pagamento dei dazi, non accetteremo il reso della merce per evitare costi di spedizione aggiuntivi.<\/p><p>Ti raccomandiamo di verificare eventuali costi doganali con le autorit\u00e0 locali prima di effettuare un ordine. Per qualsiasi domanda, ti preghiamo di contattarci all&#8217;indirizzo marketing@techra-drumsticks.com.<\/p>\t\t\t\t\t\t\t\t<\/div>\n\t\t\t\t<\/div>\n\t\t\t\t<\/div>\n\t\t\t\t\t<\/div>\n\t\t\t\t<\/div>\n\t\t\t\t<\/div>\n\t\t","protected":false},"excerpt":{"rendered":"<p>Termini e condizioni Benvenuto in Techra di Tecnoplast Srl Questi termini e condizioni delineano le regole e i regolamenti per l&#8217;uso del sito web di Techra di Tecnoplast Srl. Techra di Tecnoplast Srl si trova presso: Via San G.B. La Salle, 10 Romano d\u2019Ezzelino 36060 \u2013 Italia Accedendo a questo sito web, supponiamo che tu [&hellip;]<\/p>\n","protected":false},"author":1,"featured_media":0,"parent":0,"menu_order":80,"comment_status":"closed","ping_status":"closed","template":"elementor_header_footer","meta":{"_acf_changed":false,"footnotes":""},"page_categories":[],"class_list":["post-18187","page","type-page","status-publish","hentry"],"acf":[],"_links":{"self":[{"href":"https:\/\/www.techra-drumsticks.com\/en\/wp-json\/wp\/v2\/pages\/18187","targetHints":{"allow":["GET"]}}],"collection":[{"href":"https:\/\/www.techra-drumsticks.com\/en\/wp-json\/wp\/v2\/pages"}],"about":[{"href":"https:\/\/www.techra-drumsticks.com\/en\/wp-json\/wp\/v2\/types\/page"}],"author":[{"embeddable":true,"href":"https:\/\/www.techra-drumsticks.com\/en\/wp-json\/wp\/v2\/users\/1"}],"replies":[{"embeddable":true,"href":"https:\/\/www.techra-drumsticks.com\/en\/wp-json\/wp\/v2\/comments?post=18187"}],"version-history":[{"count":0,"href":"https:\/\/www.techra-drumsticks.com\/en\/wp-json\/wp\/v2\/pages\/18187\/revisions"}],"wp:attachment":[{"href":"https:\/\/www.techra-drumsticks.com\/en\/wp-json\/wp\/v2\/media?parent=18187"}],"wp:term":[{"taxonomy":"page_categories","embeddable":true,"href":"https:\/\/www.techra-drumsticks.com\/en\/wp-json\/wp\/v2\/page_categories?post=18187"}],"curies":[{"name":"wp","href":"https:\/\/api.w.org\/{rel}","templated":true}]}}